{"id":2,"date":"2018-03-31T11:08:48","date_gmt":"2018-03-31T11:08:48","guid":{"rendered":"http:\/\/dellen-service.ch\/?page_id=2"},"modified":"2021-11-10T15:55:41","modified_gmt":"2021-11-10T15:55:41","slug":"sample-page","status":"publish","type":"page","link":"https:\/\/dellen-service.ch\/","title":{"rendered":"Willkommen"},"content":{"rendered":"<p style=\"text-align: left;\"><span style=\"font-size: 16px;\">Willkommen bei <a href=\"https:\/\/dellen-service.ch\">Staub Dellen-Service<\/a>,&nbsp;sch\u00f6n das Sie unsere Webseite besuchen. <\/span><\/p>\n<p style=\"text-align: left;\"><span style=\"font-size: 16px;\">Unabh\u00e4ngig ob es sich um Sturm- oder Hagelschaden, Parkdellen oder Vandalismus handelt &#8211; Staub Dellen-Service Ist Ihr zuverl\u00e4ssiger Ansprechpartner.<br \/>\n<\/span><span style=\"font-size: 16px;\">Wir bieten professionellen und mobilen Service im entfernen von Dellen aller Art und arbeiten mit modernster Technologie f\u00fcr ein perfektes Ergebnis. Unsere langj\u00e4hrige Erfahrung haben wir in \u00fcber 25 L\u00e4nder in Schulungen weitergegeben, in unserem Fachgebiet sind wir spezialisiert und ausserdem zertifiziert. In der Schweiz geniessen wir das Vertrauen f\u00fchrender Garagen, Carrosserien und Fahrzeugimporteure. Wir legen grossen Wert auf Zuverl\u00e4ssigkeit und Qualit\u00e4t.<\/span><\/p>\n<p><strong><span style=\"font-size: 16px;\">Einsatzgebiete:<\/span><\/strong><\/p>\n<ul>\n<li style=\"text-align: left;\"><span style=\"font-size: 16px;\">Hagelschaden: Ein heftiges Gewitter mit Hagelk\u00f6rner ist in der Schweiz keine Seltenheit. J\u00e4hrlich richten Hagelereignisse starke Sch\u00e4den an Fahrzeugen an. <\/span><\/li>\n<li><span style=\"font-size: 16px;\">Parkschaden: Wer kennst es nicht? Dellen oder Parkrempler sind sehr schnell passiert. Nicht jeder Parkschaden muss neu Lackiert werden. <\/span><\/li>\n<li><span style=\"font-size: 16px;\">Vordr\u00fccken: Gr\u00f6ssere Dellen mit Lackschaden k\u00f6nnen wir Lackierbereit vordr\u00fccken. Durch langj\u00e4hrige Erfahrung nehmen wir uns auch gr\u00f6sseren Sch\u00e4den an.<\/span><\/li>\n<\/ul>\n<p style=\"text-align: left;\"><strong><span style=\"font-size: 16px;\">Vorteile: <\/span><\/strong><\/p>\n<ul>\n<li><span style=\"font-size: 16px;\">Der Originallack bleibt erhalten <\/span><\/li>\n<li><span style=\"font-size: 16px;\">Kein Farbunterschied <\/span><\/li>\n<li><span style=\"font-size: 16px;\">Umweltfreundlich<\/span><\/li>\n<li><span style=\"font-size: 16px;\">Kurze Reparaturzeit (max. 1 Tag) <\/span><\/li>\n<li><span style=\"font-size: 16px;\">Bei klein Sch\u00e4den keine Demontage n\u00f6tig <\/span><\/li>\n<li><span style=\"font-size: 16px;\">Kosteng\u00fcnstiger als eine herk\u00f6mmliche Reparatur <\/span><\/li>\n<li><span style=\"font-size: 16px;\">Keine Wertminderung des Fahrzeugs<\/span><\/li>\n<li><span style=\"font-size: 16px;\">Von den Versicherungen empfohlen <\/span><\/li>\n<\/ul>\n","protected":false},"excerpt":{"rendered":"<p>Willkommen bei Staub Dellen-Service,&nbsp;sch\u00f6n das Sie unsere Webseite besuchen. Unabh\u00e4ngig ob es sich um Sturm- oder Hagelschaden, Parkdellen oder Vandalismus handelt &#8211; Staub Dellen-Service Ist Ihr zuverl\u00e4ssiger Ansprechpartner. Wir bieten professionellen und mobilen Service im entfernen von Dellen aller Art und arbeiten mit modernster Technologie f\u00fcr ein perfektes Ergebnis. Unsere langj\u00e4hrige Erfahrung haben wir in [&hellip;]<\/p>\n","protected":false},"author":1,"featured_media":196,"parent":0,"menu_order":1,"comment_status":"closed","ping_status":"closed","template":"","meta":{"_exactmetrics_skip_tracking":false,"_exactmetrics_sitenote_active":false,"_exactmetrics_sitenote_note":"","_exactmetrics_sitenote_category":0,"footnotes":""},"class_list":["post-2","page","type-page","status-publish","has-post-thumbnail","hentry"],"yoast_head":"<!-- This site is optimized with the Yoast SEO plugin v27.3 - https:\/\/yoast.com\/product\/yoast-seo-wordpress\/ -->\n<title>Willkommen | Staub Dellen-Service<\/title>\n<meta name=\"robots\" content=\"index, follow, max-snippet:-1, max-image-preview:large, max-video-preview:-1\" \/>\n<link rel=\"canonical\" href=\"https:\/\/dellen-service.ch\/\" \/>\n<meta property=\"og:locale\" content=\"de_DE\" \/>\n<meta property=\"og:type\" content=\"article\" \/>\n<meta property=\"og:title\" content=\"Willkommen | Staub Dellen-Service\" \/>\n<meta property=\"og:description\" content=\"Willkommen bei Staub Dellen-Service,&nbsp;sch\u00f6n das Sie unsere Webseite besuchen. Unabh\u00e4ngig ob es sich um Sturm- oder Hagelschaden, Parkdellen oder Vandalismus handelt &#8211; Staub Dellen-Service Ist Ihr zuverl\u00e4ssiger Ansprechpartner. Wir bieten professionellen und mobilen Service im entfernen von Dellen aller Art und arbeiten mit modernster Technologie f\u00fcr ein perfektes Ergebnis. Unsere langj\u00e4hrige Erfahrung haben wir in [&hellip;]\" \/>\n<meta property=\"og:url\" content=\"https:\/\/dellen-service.ch\/\" \/>\n<meta property=\"og:site_name\" content=\"Staub Dellen-Service\" \/>\n<meta property=\"article:modified_time\" content=\"2021-11-10T15:55:41+00:00\" \/>\n<meta property=\"og:image\" content=\"https:\/\/dellen-service.ch\/wp-content\/uploads\/2019\/06\/blitz.jpg\" \/>\n\t<meta property=\"og:image:width\" content=\"1500\" \/>\n\t<meta property=\"og:image:height\" content=\"400\" \/>\n\t<meta property=\"og:image:type\" content=\"image\/jpeg\" \/>\n<meta name=\"twitter:card\" content=\"summary_large_image\" \/>\n<meta name=\"twitter:label1\" content=\"Gesch\u00e4tzte Lesezeit\" \/>\n\t<meta name=\"twitter:data1\" content=\"1\u00a0Minute\" \/>\n<script type=\"application\/ld+json\" class=\"yoast-schema-graph\">{\"@context\":\"https:\\\/\\\/schema.org\",\"@graph\":[{\"@type\":\"WebPage\",\"@id\":\"https:\\\/\\\/dellen-service.ch\\\/\",\"url\":\"https:\\\/\\\/dellen-service.ch\\\/\",\"name\":\"Willkommen | Staub Dellen-Service\",\"isPartOf\":{\"@id\":\"https:\\\/\\\/dellen-service.ch\\\/#website\"},\"primaryImageOfPage\":{\"@id\":\"https:\\\/\\\/dellen-service.ch\\\/#primaryimage\"},\"image\":{\"@id\":\"https:\\\/\\\/dellen-service.ch\\\/#primaryimage\"},\"thumbnailUrl\":\"https:\\\/\\\/dellen-service.ch\\\/wp-content\\\/uploads\\\/2019\\\/06\\\/blitz.jpg\",\"datePublished\":\"2018-03-31T11:08:48+00:00\",\"dateModified\":\"2021-11-10T15:55:41+00:00\",\"breadcrumb\":{\"@id\":\"https:\\\/\\\/dellen-service.ch\\\/#breadcrumb\"},\"inLanguage\":\"de\",\"potentialAction\":[{\"@type\":\"ReadAction\",\"target\":[\"https:\\\/\\\/dellen-service.ch\\\/\"]}]},{\"@type\":\"ImageObject\",\"inLanguage\":\"de\",\"@id\":\"https:\\\/\\\/dellen-service.ch\\\/#primaryimage\",\"url\":\"https:\\\/\\\/dellen-service.ch\\\/wp-content\\\/uploads\\\/2019\\\/06\\\/blitz.jpg\",\"contentUrl\":\"https:\\\/\\\/dellen-service.ch\\\/wp-content\\\/uploads\\\/2019\\\/06\\\/blitz.jpg\",\"width\":1500,\"height\":400},{\"@type\":\"BreadcrumbList\",\"@id\":\"https:\\\/\\\/dellen-service.ch\\\/#breadcrumb\",\"itemListElement\":[{\"@type\":\"ListItem\",\"position\":1,\"name\":\"Startseite\",\"item\":\"https:\\\/\\\/dellen-service.ch\\\/\"},{\"@type\":\"ListItem\",\"position\":2,\"name\":\"Willkommen\"}]},{\"@type\":\"WebSite\",\"@id\":\"https:\\\/\\\/dellen-service.ch\\\/#website\",\"url\":\"https:\\\/\\\/dellen-service.ch\\\/\",\"name\":\"Staub Dellen-Service\",\"description\":\"\",\"publisher\":{\"@id\":\"https:\\\/\\\/dellen-service.ch\\\/#organization\"},\"potentialAction\":[{\"@type\":\"SearchAction\",\"target\":{\"@type\":\"EntryPoint\",\"urlTemplate\":\"https:\\\/\\\/dellen-service.ch\\\/?s={search_term_string}\"},\"query-input\":{\"@type\":\"PropertyValueSpecification\",\"valueRequired\":true,\"valueName\":\"search_term_string\"}}],\"inLanguage\":\"de\"},{\"@type\":\"Organization\",\"@id\":\"https:\\\/\\\/dellen-service.ch\\\/#organization\",\"name\":\"Staub Dellen-Service\",\"url\":\"https:\\\/\\\/dellen-service.ch\\\/\",\"logo\":{\"@type\":\"ImageObject\",\"inLanguage\":\"de\",\"@id\":\"https:\\\/\\\/dellen-service.ch\\\/#\\\/schema\\\/logo\\\/image\\\/\",\"url\":\"https:\\\/\\\/dellen-service.ch\\\/wp-content\\\/uploads\\\/2018\\\/04\\\/Logo_space.jpg\",\"contentUrl\":\"https:\\\/\\\/dellen-service.ch\\\/wp-content\\\/uploads\\\/2018\\\/04\\\/Logo_space.jpg\",\"width\":1101,\"height\":185,\"caption\":\"Staub Dellen-Service\"},\"image\":{\"@id\":\"https:\\\/\\\/dellen-service.ch\\\/#\\\/schema\\\/logo\\\/image\\\/\"},\"sameAs\":[\"https:\\\/\\\/www.linkedin.com\\\/in\\\/jan-staub-b93a04145\\\/\"]}]}<\/script>\n<!-- \/ Yoast SEO plugin. -->","yoast_head_json":{"title":"Willkommen | Staub Dellen-Service","robots":{"index":"index","follow":"follow","max-snippet":"max-snippet:-1","max-image-preview":"max-image-preview:large","max-video-preview":"max-video-preview:-1"},"canonical":"https:\/\/dellen-service.ch\/","og_locale":"de_DE","og_type":"article","og_title":"Willkommen | Staub Dellen-Service","og_description":"Willkommen bei Staub Dellen-Service,&nbsp;sch\u00f6n das Sie unsere Webseite besuchen. Unabh\u00e4ngig ob es sich um Sturm- oder Hagelschaden, Parkdellen oder Vandalismus handelt &#8211; Staub Dellen-Service Ist Ihr zuverl\u00e4ssiger Ansprechpartner. Wir bieten professionellen und mobilen Service im entfernen von Dellen aller Art und arbeiten mit modernster Technologie f\u00fcr ein perfektes Ergebnis. Unsere langj\u00e4hrige Erfahrung haben wir in [&hellip;]","og_url":"https:\/\/dellen-service.ch\/","og_site_name":"Staub Dellen-Service","article_modified_time":"2021-11-10T15:55:41+00:00","og_image":[{"width":1500,"height":400,"url":"https:\/\/dellen-service.ch\/wp-content\/uploads\/2019\/06\/blitz.jpg","type":"image\/jpeg"}],"twitter_card":"summary_large_image","twitter_misc":{"Gesch\u00e4tzte Lesezeit":"1\u00a0Minute"},"schema":{"@context":"https:\/\/schema.org","@graph":[{"@type":"WebPage","@id":"https:\/\/dellen-service.ch\/","url":"https:\/\/dellen-service.ch\/","name":"Willkommen | Staub Dellen-Service","isPartOf":{"@id":"https:\/\/dellen-service.ch\/#website"},"primaryImageOfPage":{"@id":"https:\/\/dellen-service.ch\/#primaryimage"},"image":{"@id":"https:\/\/dellen-service.ch\/#primaryimage"},"thumbnailUrl":"https:\/\/dellen-service.ch\/wp-content\/uploads\/2019\/06\/blitz.jpg","datePublished":"2018-03-31T11:08:48+00:00","dateModified":"2021-11-10T15:55:41+00:00","breadcrumb":{"@id":"https:\/\/dellen-service.ch\/#breadcrumb"},"inLanguage":"de","potentialAction":[{"@type":"ReadAction","target":["https:\/\/dellen-service.ch\/"]}]},{"@type":"ImageObject","inLanguage":"de","@id":"https:\/\/dellen-service.ch\/#primaryimage","url":"https:\/\/dellen-service.ch\/wp-content\/uploads\/2019\/06\/blitz.jpg","contentUrl":"https:\/\/dellen-service.ch\/wp-content\/uploads\/2019\/06\/blitz.jpg","width":1500,"height":400},{"@type":"BreadcrumbList","@id":"https:\/\/dellen-service.ch\/#breadcrumb","itemListElement":[{"@type":"ListItem","position":1,"name":"Startseite","item":"https:\/\/dellen-service.ch\/"},{"@type":"ListItem","position":2,"name":"Willkommen"}]},{"@type":"WebSite","@id":"https:\/\/dellen-service.ch\/#website","url":"https:\/\/dellen-service.ch\/","name":"Staub Dellen-Service","description":"","publisher":{"@id":"https:\/\/dellen-service.ch\/#organization"},"potentialAction":[{"@type":"SearchAction","target":{"@type":"EntryPoint","urlTemplate":"https:\/\/dellen-service.ch\/?s={search_term_string}"},"query-input":{"@type":"PropertyValueSpecification","valueRequired":true,"valueName":"search_term_string"}}],"inLanguage":"de"},{"@type":"Organization","@id":"https:\/\/dellen-service.ch\/#organization","name":"Staub Dellen-Service","url":"https:\/\/dellen-service.ch\/","logo":{"@type":"ImageObject","inLanguage":"de","@id":"https:\/\/dellen-service.ch\/#\/schema\/logo\/image\/","url":"https:\/\/dellen-service.ch\/wp-content\/uploads\/2018\/04\/Logo_space.jpg","contentUrl":"https:\/\/dellen-service.ch\/wp-content\/uploads\/2018\/04\/Logo_space.jpg","width":1101,"height":185,"caption":"Staub Dellen-Service"},"image":{"@id":"https:\/\/dellen-service.ch\/#\/schema\/logo\/image\/"},"sameAs":["https:\/\/www.linkedin.com\/in\/jan-staub-b93a04145\/"]}]}},"_links":{"self":[{"href":"https:\/\/dellen-service.ch\/index.php\/wp-json\/wp\/v2\/pages\/2","targetHints":{"allow":["GET"]}}],"collection":[{"href":"https:\/\/dellen-service.ch\/index.php\/wp-json\/wp\/v2\/pages"}],"about":[{"href":"https:\/\/dellen-service.ch\/index.php\/wp-json\/wp\/v2\/types\/page"}],"author":[{"embeddable":true,"href":"https:\/\/dellen-service.ch\/index.php\/wp-json\/wp\/v2\/users\/1"}],"replies":[{"embeddable":true,"href":"https:\/\/dellen-service.ch\/index.php\/wp-json\/wp\/v2\/comments?post=2"}],"version-history":[{"count":33,"href":"https:\/\/dellen-service.ch\/index.php\/wp-json\/wp\/v2\/pages\/2\/revisions"}],"predecessor-version":[{"id":224,"href":"https:\/\/dellen-service.ch\/index.php\/wp-json\/wp\/v2\/pages\/2\/revisions\/224"}],"wp:featuredmedia":[{"embeddable":true,"href":"https:\/\/dellen-service.ch\/index.php\/wp-json\/wp\/v2\/media\/196"}],"wp:attachment":[{"href":"https:\/\/dellen-service.ch\/index.php\/wp-json\/wp\/v2\/media?parent=2"}],"curies":[{"name":"wp","href":"https:\/\/api.w.org\/{rel}","templated":true}]}}