{"id":72,"date":"2018-04-26T18:04:26","date_gmt":"2018-04-26T18:04:26","guid":{"rendered":"http:\/\/dellen-service.ch\/?page_id=72"},"modified":"2021-11-10T15:55:46","modified_gmt":"2021-11-10T15:55:46","slug":"dienstleistungen","status":"publish","type":"page","link":"https:\/\/dellen-service.ch\/index.php\/dienstleistungen\/","title":{"rendered":"Dienstleistungen"},"content":{"rendered":"<p style=\"text-align: left;\"><span style=\"font-size: 16px;\">Im Fr\u00fchling, wenn die Temperaturen steigen, beginnt die Hagelsaison. Unwetter machen sich breit und Hagelereignisse hinterlassen oft verbeulte Autos. Ein Hagelschaden am Fahrzeug sieht unsch\u00f6n aus, ist aber kein Grund zur Panik! Wir k\u00fcmmern uns nicht nur um eine rasche Reparatur, wir unterst\u00fctzen Sie auch mit der Abwicklung mit Ihrer Versicherung.<br \/>\n<\/span><span style=\"font-size: 16px;\">Wir bieten professionellen und mobilen Service im Bereich der Ausbeultechnik ohne Lackierung &#8211; statt das Sie die Fahrzeuge zu uns bringen m\u00fcssen, kommen wir bei Ihnen vorbei. <\/span><\/p>\n<p style=\"text-align: left;\"><span style=\"font-size: 16px;\">Unsere&nbsp;<\/span><span style=\"font-size: 16px;\">Dienstleistung wird in drei verschiedene Bereiche unterteilt:<\/span><\/p>\n<ul>\n<li><span style=\"font-size: 16px;\">Sturm- und Hagelschaden<\/span><\/li>\n<li><span style=\"font-size: 16px;\">Parksch\u00e4den und Beulen<\/span><\/li>\n<li><span style=\"font-size: 16px;\"> Vordr\u00fccken von Sturm- und Hagelsch\u00e4den<\/span><\/li>\n<\/ul>\n<p><span style=\"font-size: 16px;\">Dank professioneller Technik und jahrelanger Erfahrung reparieren wir Hagelsch\u00e4den in kurzer Zeit. Durch unserer ausgefeilte Arbeitstechnik werden die Dellen ausmassiert, somit bleibt der Originallack erhalten. Parkschaden oder Beulen k\u00f6nnen durch uns kosteng\u00fcnstig, umweltfreundlich und schnell behoben werden, Vorraussetzung daf\u00fcr ist lediglich, dass der Lack nicht besch\u00e4digt ist. Ist der Lack besch\u00e4diget, dr\u00fccken wir die besch\u00e4digte Fl\u00e4che so aus, das keine Spachtelmasse erforderlich ist und der besch\u00e4digte Lack wird dann nach Herstellerangaben neu aufgebaut werden kann.<br \/>\nAuch Dellen auf Kanten oder gr\u00f6sseren Sch\u00e4den nehmen wir uns gerne an.&nbsp;<\/span><\/p>\n<p style=\"text-align: left;\"><span style=\"font-size: 16px;\"><strong><span style=\"font-size: 16px;\">Beispiele<\/span> von Reparaturen:<\/strong><\/span><\/p>\n<p><span style=\"font-size: 16px;\">Renault<\/span><\/p>\n<style type=\"text\/css\">\n#foogallery-gallery-165 .fg-image { width: 200px; }\n#foogallery-gallery-165 { --fg-gutter: 10px; }<\/style>\n\t\t\t<div class=\"foogallery foogallery-container foogallery-default foogallery-lightbox-none fg-left fg-default fg-ready fg-light fg-round-medium fg-shadow-small fg-loading-default fg-loaded-fade-in fg-hover-instant\" id=\"foogallery-gallery-165\" data-foogallery=\"{&quot;item&quot;:{&quot;showCaptionTitle&quot;:false,&quot;showCaptionDescription&quot;:false},&quot;lazy&quot;:true}\" style=\"--fg-title-line-clamp: 0; --fg-description-line-clamp: 0;\" >\n\t<div class=\"fg-item fg-type-image fg-idle\"><figure class=\"fg-item-inner\"><a data-attachment-id=\"154\" data-type=\"image\" class=\"fg-thumb\"><span class=\"fg-image-wrap\"><img fetchpriority=\"high\" decoding=\"async\" width=\"200\" height=\"250\" class=\"skip-lazy fg-image\" data-src-fg=\"https:\/\/dellen-service.ch\/wp-content\/uploads\/cache\/2018\/05\/Unknown-1-e1525676262249\/65036301.jpeg\" src=\"data:image\/svg+xml,%3Csvg%20xmlns%3D%22http%3A%2F%2Fwww.w3.org%2F2000%2Fsvg%22%20width%3D%22200%22%20height%3D%22250%22%20viewBox%3D%220%200%20200%20250%22%3E%3C%2Fsvg%3E\" loading=\"eager\"><\/span><span class=\"fg-image-overlay\"><\/span><\/a><\/figure><div class=\"fg-loader\"><\/div><\/div><div class=\"fg-item fg-type-image fg-idle\"><figure class=\"fg-item-inner\"><a data-attachment-id=\"155\" data-type=\"image\" class=\"fg-thumb\"><span class=\"fg-image-wrap\"><img decoding=\"async\" width=\"200\" height=\"250\" class=\"skip-lazy fg-image\" data-src-fg=\"https:\/\/dellen-service.ch\/wp-content\/uploads\/cache\/2018\/05\/Unknown-e1525676297542\/3922326848.jpeg\" src=\"data:image\/svg+xml,%3Csvg%20xmlns%3D%22http%3A%2F%2Fwww.w3.org%2F2000%2Fsvg%22%20width%3D%22200%22%20height%3D%22250%22%20viewBox%3D%220%200%20200%20250%22%3E%3C%2Fsvg%3E\" loading=\"eager\"><\/span><span class=\"fg-image-overlay\"><\/span><\/a><\/figure><div class=\"fg-loader\"><\/div><\/div><\/div>\n\n<p style=\"text-align: left;\"><span style=\"font-size: 16px;\"><br \/>\nVolkswagen<\/span><\/p>\n<style type=\"text\/css\">\n#foogallery-gallery-167 .fg-image { width: 200px; }\n#foogallery-gallery-167 { --fg-gutter: 10px; }<\/style>\n\t\t\t<div class=\"foogallery foogallery-container foogallery-default foogallery-lightbox-none fg-left fg-default fg-ready fg-light fg-round-medium fg-shadow-small fg-loading-default fg-loaded-fade-in fg-hover-fade\" id=\"foogallery-gallery-167\" data-foogallery=\"{&quot;item&quot;:{&quot;showCaptionTitle&quot;:false,&quot;showCaptionDescription&quot;:false},&quot;lazy&quot;:true}\" style=\"--fg-title-line-clamp: 0; --fg-description-line-clamp: 0;\" >\n\t<div class=\"fg-item fg-type-image fg-idle\"><figure class=\"fg-item-inner\"><a data-attachment-id=\"109\" data-type=\"image\" class=\"fg-thumb\"><span class=\"fg-image-wrap\"><img decoding=\"async\" width=\"200\" height=\"250\" class=\"skip-lazy fg-image\" data-src-fg=\"https:\/\/dellen-service.ch\/wp-content\/uploads\/cache\/2018\/04\/rep1\/3062501520.png\" src=\"data:image\/svg+xml,%3Csvg%20xmlns%3D%22http%3A%2F%2Fwww.w3.org%2F2000%2Fsvg%22%20width%3D%22200%22%20height%3D%22250%22%20viewBox%3D%220%200%20200%20250%22%3E%3C%2Fsvg%3E\" loading=\"eager\"><\/span><span class=\"fg-image-overlay\"><\/span><\/a><\/figure><div class=\"fg-loader\"><\/div><\/div><div class=\"fg-item fg-type-image fg-idle\"><figure class=\"fg-item-inner\"><a data-attachment-id=\"111\" data-type=\"image\" class=\"fg-thumb\"><span class=\"fg-image-wrap\"><img decoding=\"async\" width=\"200\" height=\"250\" class=\"skip-lazy fg-image\" data-src-fg=\"https:\/\/dellen-service.ch\/wp-content\/uploads\/cache\/2018\/04\/rep3\/1803060789.png\" src=\"data:image\/svg+xml,%3Csvg%20xmlns%3D%22http%3A%2F%2Fwww.w3.org%2F2000%2Fsvg%22%20width%3D%22200%22%20height%3D%22250%22%20viewBox%3D%220%200%20200%20250%22%3E%3C%2Fsvg%3E\" loading=\"eager\"><\/span><span class=\"fg-image-overlay\"><\/span><\/a><\/figure><div class=\"fg-loader\"><\/div><\/div><\/div>\n\n<p><span style=\"font-size: 16px;\"><br \/>\nVolkswagen<\/span><\/p>\n<style type=\"text\/css\">\n#foogallery-gallery-174 .fg-image { width: 200px; }\n#foogallery-gallery-174 { --fg-gutter: 10px; }<\/style>\n\t\t\t<div class=\"foogallery foogallery-container foogallery-default foogallery-lightbox-none fg-left fg-default fg-ready fg-light fg-round-medium fg-shadow-small fg-loading-default fg-loaded-fade-in fg-hover-fade\" id=\"foogallery-gallery-174\" data-foogallery=\"{&quot;item&quot;:{&quot;showCaptionTitle&quot;:false,&quot;showCaptionDescription&quot;:false},&quot;lazy&quot;:true}\" style=\"--fg-title-line-clamp: 0; --fg-description-line-clamp: 0;\" >\n\t<div class=\"fg-item fg-type-image fg-idle\"><figure class=\"fg-item-inner\"><a data-attachment-id=\"172\" data-type=\"image\" class=\"fg-thumb\"><span class=\"fg-image-wrap\"><img decoding=\"async\" width=\"200\" height=\"250\" class=\"skip-lazy fg-image\" data-src-fg=\"https:\/\/dellen-service.ch\/wp-content\/uploads\/cache\/2018\/05\/Unknown-2-e1526972500996\/108141614.jpeg\" src=\"data:image\/svg+xml,%3Csvg%20xmlns%3D%22http%3A%2F%2Fwww.w3.org%2F2000%2Fsvg%22%20width%3D%22200%22%20height%3D%22250%22%20viewBox%3D%220%200%20200%20250%22%3E%3C%2Fsvg%3E\" loading=\"eager\"><\/span><span class=\"fg-image-overlay\"><\/span><\/a><\/figure><div class=\"fg-loader\"><\/div><\/div><div class=\"fg-item fg-type-image fg-idle\"><figure class=\"fg-item-inner\"><a data-attachment-id=\"171\" data-type=\"image\" class=\"fg-thumb\"><span class=\"fg-image-wrap\"><img decoding=\"async\" width=\"200\" height=\"250\" class=\"skip-lazy fg-image\" data-src-fg=\"https:\/\/dellen-service.ch\/wp-content\/uploads\/cache\/2018\/05\/Unknown-1-1-e1526972538947\/4184434634.jpeg\" src=\"data:image\/svg+xml,%3Csvg%20xmlns%3D%22http%3A%2F%2Fwww.w3.org%2F2000%2Fsvg%22%20width%3D%22200%22%20height%3D%22250%22%20viewBox%3D%220%200%20200%20250%22%3E%3C%2Fsvg%3E\" loading=\"eager\"><\/span><span class=\"fg-image-overlay\"><\/span><\/a><\/figure><div class=\"fg-loader\"><\/div><\/div><\/div>\n\n<p><span style=\"font-size: 16px;\"><br \/>\nOpel<\/span><\/p>\n<style type=\"text\/css\">\n#foogallery-gallery-180 .fg-image { width: 200px; }\n#foogallery-gallery-180 { --fg-gutter: 10px; }<\/style>\n\t\t\t<div class=\"foogallery foogallery-container foogallery-default foogallery-lightbox-none fg-left fg-default fg-ready fg-light fg-round-medium fg-shadow-small fg-loading-default fg-loaded-fade-in fg-hover-fade\" id=\"foogallery-gallery-180\" data-foogallery=\"{&quot;item&quot;:{&quot;showCaptionTitle&quot;:false,&quot;showCaptionDescription&quot;:false},&quot;lazy&quot;:true}\" style=\"--fg-title-line-clamp: 0; --fg-description-line-clamp: 0;\" >\n\t<div class=\"fg-item fg-type-image fg-idle\"><figure class=\"fg-item-inner\"><a data-attachment-id=\"178\" data-type=\"image\" class=\"fg-thumb\"><span class=\"fg-image-wrap\"><img decoding=\"async\" width=\"200\" height=\"250\" class=\"skip-lazy fg-image\" data-src-fg=\"https:\/\/dellen-service.ch\/wp-content\/uploads\/cache\/2018\/09\/file1-e1537972133463\/2896236948.jpeg\" src=\"data:image\/svg+xml,%3Csvg%20xmlns%3D%22http%3A%2F%2Fwww.w3.org%2F2000%2Fsvg%22%20width%3D%22200%22%20height%3D%22250%22%20viewBox%3D%220%200%20200%20250%22%3E%3C%2Fsvg%3E\" loading=\"eager\"><\/span><span class=\"fg-image-overlay\"><\/span><\/a><\/figure><div class=\"fg-loader\"><\/div><\/div><div class=\"fg-item fg-type-image fg-idle\"><figure class=\"fg-item-inner\"><a data-attachment-id=\"179\" data-type=\"image\" class=\"fg-thumb\"><span class=\"fg-image-wrap\"><img decoding=\"async\" width=\"200\" height=\"250\" class=\"skip-lazy fg-image\" data-src-fg=\"https:\/\/dellen-service.ch\/wp-content\/uploads\/cache\/2018\/09\/file2-e1537972167469\/1432748245.jpeg\" src=\"data:image\/svg+xml,%3Csvg%20xmlns%3D%22http%3A%2F%2Fwww.w3.org%2F2000%2Fsvg%22%20width%3D%22200%22%20height%3D%22250%22%20viewBox%3D%220%200%20200%20250%22%3E%3C%2Fsvg%3E\" loading=\"eager\"><\/span><span class=\"fg-image-overlay\"><\/span><\/a><\/figure><div class=\"fg-loader\"><\/div><\/div><\/div>\n\n","protected":false},"excerpt":{"rendered":"<p>Im Fr\u00fchling, wenn die Temperaturen steigen, beginnt die Hagelsaison. Unwetter machen sich breit und Hagelereignisse hinterlassen oft verbeulte Autos. Ein Hagelschaden am Fahrzeug sieht unsch\u00f6n aus, ist aber kein Grund zur Panik! Wir k\u00fcmmern uns nicht nur um eine rasche Reparatur, wir unterst\u00fctzen Sie auch mit der Abwicklung mit Ihrer Versicherung. Wir bieten professionellen und [&hellip;]<\/p>\n","protected":false},"author":1,"featured_media":202,"parent":0,"menu_order":2,"comment_status":"closed","ping_status":"closed","template":"","meta":{"_exactmetrics_skip_tracking":false,"_exactmetrics_sitenote_active":false,"_exactmetrics_sitenote_note":"","_exactmetrics_sitenote_category":0,"footnotes":""},"class_list":["post-72","page","type-page","status-publish","has-post-thumbnail","hentry"],"yoast_head":"<!-- This site is optimized with the Yoast SEO plugin v27.3 - https:\/\/yoast.com\/product\/yoast-seo-wordpress\/ -->\n<title>Dienstleistungen | Staub Dellen-Service<\/title>\n<meta name=\"robots\" content=\"index, follow, max-snippet:-1, max-image-preview:large, max-video-preview:-1\" \/>\n<link rel=\"canonical\" href=\"https:\/\/dellen-service.ch\/index.php\/dienstleistungen\/\" \/>\n<meta property=\"og:locale\" content=\"de_DE\" \/>\n<meta property=\"og:type\" content=\"article\" \/>\n<meta property=\"og:title\" content=\"Dienstleistungen | Staub Dellen-Service\" \/>\n<meta property=\"og:description\" content=\"Im Fr\u00fchling, wenn die Temperaturen steigen, beginnt die Hagelsaison. Unwetter machen sich breit und Hagelereignisse hinterlassen oft verbeulte Autos. Ein Hagelschaden am Fahrzeug sieht unsch\u00f6n aus, ist aber kein Grund zur Panik! Wir k\u00fcmmern uns nicht nur um eine rasche Reparatur, wir unterst\u00fctzen Sie auch mit der Abwicklung mit Ihrer Versicherung. Wir bieten professionellen und [&hellip;]\" \/>\n<meta property=\"og:url\" content=\"https:\/\/dellen-service.ch\/index.php\/dienstleistungen\/\" \/>\n<meta property=\"og:site_name\" content=\"Staub Dellen-Service\" \/>\n<meta property=\"article:modified_time\" content=\"2021-11-10T15:55:46+00:00\" \/>\n<meta property=\"og:image\" content=\"https:\/\/dellen-service.ch\/wp-content\/uploads\/2019\/06\/hagel.jpg\" \/>\n\t<meta property=\"og:image:width\" content=\"1500\" \/>\n\t<meta property=\"og:image:height\" content=\"400\" \/>\n\t<meta property=\"og:image:type\" content=\"image\/jpeg\" \/>\n<meta name=\"twitter:card\" content=\"summary_large_image\" \/>\n<meta name=\"twitter:label1\" content=\"Gesch\u00e4tzte Lesezeit\" \/>\n\t<meta name=\"twitter:data1\" content=\"1\u00a0Minute\" \/>\n<script type=\"application\/ld+json\" class=\"yoast-schema-graph\">{\"@context\":\"https:\\\/\\\/schema.org\",\"@graph\":[{\"@type\":\"WebPage\",\"@id\":\"https:\\\/\\\/dellen-service.ch\\\/index.php\\\/dienstleistungen\\\/\",\"url\":\"https:\\\/\\\/dellen-service.ch\\\/index.php\\\/dienstleistungen\\\/\",\"name\":\"Dienstleistungen | Staub Dellen-Service\",\"isPartOf\":{\"@id\":\"https:\\\/\\\/dellen-service.ch\\\/#website\"},\"primaryImageOfPage\":{\"@id\":\"https:\\\/\\\/dellen-service.ch\\\/index.php\\\/dienstleistungen\\\/#primaryimage\"},\"image\":{\"@id\":\"https:\\\/\\\/dellen-service.ch\\\/index.php\\\/dienstleistungen\\\/#primaryimage\"},\"thumbnailUrl\":\"https:\\\/\\\/dellen-service.ch\\\/wp-content\\\/uploads\\\/2019\\\/06\\\/hagel.jpg\",\"datePublished\":\"2018-04-26T18:04:26+00:00\",\"dateModified\":\"2021-11-10T15:55:46+00:00\",\"breadcrumb\":{\"@id\":\"https:\\\/\\\/dellen-service.ch\\\/index.php\\\/dienstleistungen\\\/#breadcrumb\"},\"inLanguage\":\"de\",\"potentialAction\":[{\"@type\":\"ReadAction\",\"target\":[\"https:\\\/\\\/dellen-service.ch\\\/index.php\\\/dienstleistungen\\\/\"]}]},{\"@type\":\"ImageObject\",\"inLanguage\":\"de\",\"@id\":\"https:\\\/\\\/dellen-service.ch\\\/index.php\\\/dienstleistungen\\\/#primaryimage\",\"url\":\"https:\\\/\\\/dellen-service.ch\\\/wp-content\\\/uploads\\\/2019\\\/06\\\/hagel.jpg\",\"contentUrl\":\"https:\\\/\\\/dellen-service.ch\\\/wp-content\\\/uploads\\\/2019\\\/06\\\/hagel.jpg\",\"width\":1500,\"height\":400},{\"@type\":\"BreadcrumbList\",\"@id\":\"https:\\\/\\\/dellen-service.ch\\\/index.php\\\/dienstleistungen\\\/#breadcrumb\",\"itemListElement\":[{\"@type\":\"ListItem\",\"position\":1,\"name\":\"Startseite\",\"item\":\"https:\\\/\\\/dellen-service.ch\\\/\"},{\"@type\":\"ListItem\",\"position\":2,\"name\":\"Dienstleistungen\"}]},{\"@type\":\"WebSite\",\"@id\":\"https:\\\/\\\/dellen-service.ch\\\/#website\",\"url\":\"https:\\\/\\\/dellen-service.ch\\\/\",\"name\":\"Staub Dellen-Service\",\"description\":\"\",\"publisher\":{\"@id\":\"https:\\\/\\\/dellen-service.ch\\\/#organization\"},\"potentialAction\":[{\"@type\":\"SearchAction\",\"target\":{\"@type\":\"EntryPoint\",\"urlTemplate\":\"https:\\\/\\\/dellen-service.ch\\\/?s={search_term_string}\"},\"query-input\":{\"@type\":\"PropertyValueSpecification\",\"valueRequired\":true,\"valueName\":\"search_term_string\"}}],\"inLanguage\":\"de\"},{\"@type\":\"Organization\",\"@id\":\"https:\\\/\\\/dellen-service.ch\\\/#organization\",\"name\":\"Staub Dellen-Service\",\"url\":\"https:\\\/\\\/dellen-service.ch\\\/\",\"logo\":{\"@type\":\"ImageObject\",\"inLanguage\":\"de\",\"@id\":\"https:\\\/\\\/dellen-service.ch\\\/#\\\/schema\\\/logo\\\/image\\\/\",\"url\":\"https:\\\/\\\/dellen-service.ch\\\/wp-content\\\/uploads\\\/2018\\\/04\\\/Logo_space.jpg\",\"contentUrl\":\"https:\\\/\\\/dellen-service.ch\\\/wp-content\\\/uploads\\\/2018\\\/04\\\/Logo_space.jpg\",\"width\":1101,\"height\":185,\"caption\":\"Staub Dellen-Service\"},\"image\":{\"@id\":\"https:\\\/\\\/dellen-service.ch\\\/#\\\/schema\\\/logo\\\/image\\\/\"},\"sameAs\":[\"https:\\\/\\\/www.linkedin.com\\\/in\\\/jan-staub-b93a04145\\\/\"]}]}<\/script>\n<!-- \/ Yoast SEO plugin. -->","yoast_head_json":{"title":"Dienstleistungen | Staub Dellen-Service","robots":{"index":"index","follow":"follow","max-snippet":"max-snippet:-1","max-image-preview":"max-image-preview:large","max-video-preview":"max-video-preview:-1"},"canonical":"https:\/\/dellen-service.ch\/index.php\/dienstleistungen\/","og_locale":"de_DE","og_type":"article","og_title":"Dienstleistungen | Staub Dellen-Service","og_description":"Im Fr\u00fchling, wenn die Temperaturen steigen, beginnt die Hagelsaison. Unwetter machen sich breit und Hagelereignisse hinterlassen oft verbeulte Autos. Ein Hagelschaden am Fahrzeug sieht unsch\u00f6n aus, ist aber kein Grund zur Panik! Wir k\u00fcmmern uns nicht nur um eine rasche Reparatur, wir unterst\u00fctzen Sie auch mit der Abwicklung mit Ihrer Versicherung. Wir bieten professionellen und [&hellip;]","og_url":"https:\/\/dellen-service.ch\/index.php\/dienstleistungen\/","og_site_name":"Staub Dellen-Service","article_modified_time":"2021-11-10T15:55:46+00:00","og_image":[{"width":1500,"height":400,"url":"https:\/\/dellen-service.ch\/wp-content\/uploads\/2019\/06\/hagel.jpg","type":"image\/jpeg"}],"twitter_card":"summary_large_image","twitter_misc":{"Gesch\u00e4tzte Lesezeit":"1\u00a0Minute"},"schema":{"@context":"https:\/\/schema.org","@graph":[{"@type":"WebPage","@id":"https:\/\/dellen-service.ch\/index.php\/dienstleistungen\/","url":"https:\/\/dellen-service.ch\/index.php\/dienstleistungen\/","name":"Dienstleistungen | Staub Dellen-Service","isPartOf":{"@id":"https:\/\/dellen-service.ch\/#website"},"primaryImageOfPage":{"@id":"https:\/\/dellen-service.ch\/index.php\/dienstleistungen\/#primaryimage"},"image":{"@id":"https:\/\/dellen-service.ch\/index.php\/dienstleistungen\/#primaryimage"},"thumbnailUrl":"https:\/\/dellen-service.ch\/wp-content\/uploads\/2019\/06\/hagel.jpg","datePublished":"2018-04-26T18:04:26+00:00","dateModified":"2021-11-10T15:55:46+00:00","breadcrumb":{"@id":"https:\/\/dellen-service.ch\/index.php\/dienstleistungen\/#breadcrumb"},"inLanguage":"de","potentialAction":[{"@type":"ReadAction","target":["https:\/\/dellen-service.ch\/index.php\/dienstleistungen\/"]}]},{"@type":"ImageObject","inLanguage":"de","@id":"https:\/\/dellen-service.ch\/index.php\/dienstleistungen\/#primaryimage","url":"https:\/\/dellen-service.ch\/wp-content\/uploads\/2019\/06\/hagel.jpg","contentUrl":"https:\/\/dellen-service.ch\/wp-content\/uploads\/2019\/06\/hagel.jpg","width":1500,"height":400},{"@type":"BreadcrumbList","@id":"https:\/\/dellen-service.ch\/index.php\/dienstleistungen\/#breadcrumb","itemListElement":[{"@type":"ListItem","position":1,"name":"Startseite","item":"https:\/\/dellen-service.ch\/"},{"@type":"ListItem","position":2,"name":"Dienstleistungen"}]},{"@type":"WebSite","@id":"https:\/\/dellen-service.ch\/#website","url":"https:\/\/dellen-service.ch\/","name":"Staub Dellen-Service","description":"","publisher":{"@id":"https:\/\/dellen-service.ch\/#organization"},"potentialAction":[{"@type":"SearchAction","target":{"@type":"EntryPoint","urlTemplate":"https:\/\/dellen-service.ch\/?s={search_term_string}"},"query-input":{"@type":"PropertyValueSpecification","valueRequired":true,"valueName":"search_term_string"}}],"inLanguage":"de"},{"@type":"Organization","@id":"https:\/\/dellen-service.ch\/#organization","name":"Staub Dellen-Service","url":"https:\/\/dellen-service.ch\/","logo":{"@type":"ImageObject","inLanguage":"de","@id":"https:\/\/dellen-service.ch\/#\/schema\/logo\/image\/","url":"https:\/\/dellen-service.ch\/wp-content\/uploads\/2018\/04\/Logo_space.jpg","contentUrl":"https:\/\/dellen-service.ch\/wp-content\/uploads\/2018\/04\/Logo_space.jpg","width":1101,"height":185,"caption":"Staub Dellen-Service"},"image":{"@id":"https:\/\/dellen-service.ch\/#\/schema\/logo\/image\/"},"sameAs":["https:\/\/www.linkedin.com\/in\/jan-staub-b93a04145\/"]}]}},"_links":{"self":[{"href":"https:\/\/dellen-service.ch\/index.php\/wp-json\/wp\/v2\/pages\/72","targetHints":{"allow":["GET"]}}],"collection":[{"href":"https:\/\/dellen-service.ch\/index.php\/wp-json\/wp\/v2\/pages"}],"about":[{"href":"https:\/\/dellen-service.ch\/index.php\/wp-json\/wp\/v2\/types\/page"}],"author":[{"embeddable":true,"href":"https:\/\/dellen-service.ch\/index.php\/wp-json\/wp\/v2\/users\/1"}],"replies":[{"embeddable":true,"href":"https:\/\/dellen-service.ch\/index.php\/wp-json\/wp\/v2\/comments?post=72"}],"version-history":[{"count":32,"href":"https:\/\/dellen-service.ch\/index.php\/wp-json\/wp\/v2\/pages\/72\/revisions"}],"predecessor-version":[{"id":225,"href":"https:\/\/dellen-service.ch\/index.php\/wp-json\/wp\/v2\/pages\/72\/revisions\/225"}],"wp:featuredmedia":[{"embeddable":true,"href":"https:\/\/dellen-service.ch\/index.php\/wp-json\/wp\/v2\/media\/202"}],"wp:attachment":[{"href":"https:\/\/dellen-service.ch\/index.php\/wp-json\/wp\/v2\/media?parent=72"}],"curies":[{"name":"wp","href":"https:\/\/api.w.org\/{rel}","templated":true}]}}